{"id":102,"date":"2024-07-15T12:49:42","date_gmt":"2024-07-15T15:49:42","guid":{"rendered":"https:\/\/modelos.fecweb.com.br\/corretor1\/register\/"},"modified":"2024-07-24T11:50:25","modified_gmt":"2024-07-24T14:50:25","slug":"registro","status":"publish","type":"page","link":"https:\/\/modelos.fecweb.com.br\/corretor1\/registro\/","title":{"rendered":"Registro"},"content":{"rendered":"<div class=\"uwp-register-class bsui sdel-240aa5ef\" ><div class=\"uwp_widgets uwp_widget_register\"><div class=\"uwp_page wpbs\">    <div class=\"row\">\n        <div class=\"card mx-auto container-fluid p-0 border-0\" >\n\t\t\t            <div class=\"card-body\">\n\t\t\t\t<h3 class=\"card-title text-center mb-4\">Registrar<\/h3><div class=\"alert alert-danger text-center\" role=\"alert\" ><h4 class=\"alert-heading\">Aten\u00e7\u00e3o!<\/h4><i class=\"fas fa-exclamation-circle\"><\/i> O registro do usu\u00e1rio n\u00e3o \u00e9 permitido no momento.<\/div>\n                <form class=\"uwp-registration-form uwp_form\" method=\"post\" enctype=\"multipart\/form-data\">\n\t\t\t\t\t<div data-argument=\"first_name\" class=\"form-group\"  ><label  for=\"first_name\"  class=\"sr-only  \" >Primeiro Nome <span class=\"text-danger\">*<\/span><\/label><input type=\"text\"  name=\"first_name\"  id=\"first_name\"  placeholder=\"Primeiro Nome *\"  title=\"Primeiro Nome\"  required  class=\"form-control \"  ><\/div><div data-argument=\"last_name\" class=\"form-group\"  ><label  for=\"last_name\"  class=\"sr-only  \" >Sobrenome <span class=\"text-danger\">*<\/span><\/label><input type=\"text\"  name=\"last_name\"  id=\"last_name\"  placeholder=\"Sobrenome *\"  title=\"Sobrenome\"  required  class=\"form-control \"  ><\/div><div data-argument=\"username\" class=\"form-group\"  ><label  for=\"username\"  class=\"sr-only  \" >Nome de Usu\u00e1rio <span class=\"text-danger\">*<\/span><\/label><input type=\"text\"  name=\"username\"  id=\"username\"  placeholder=\"Nome de Usu\u00e1rio *\"  title=\"Nome de Usu\u00e1rio\"  required  class=\"form-control \"  ><\/div><div data-argument=\"email\" class=\"form-group\"  ><label  for=\"email\"  class=\"sr-only  \" >E-mail <span class=\"text-danger\">*<\/span><\/label><input type=\"email\"  name=\"email\"  id=\"email\"  placeholder=\"E-mail *\"  title=\"E-mail\"  required  class=\"form-control \"  ><\/div><div data-argument=\"password\" class=\"form-group  uwp-password-wrap\"  ><label  for=\"password\"  class=\"sr-only  \" >Senha <span class=\"text-danger\">*<\/span><\/label><div class=\"input-group\"  ><input type=\"password\"  name=\"password\"  id=\"password\"  placeholder=\"Senha *\"  title=\"Senha\"  required  class=\"form-control \"  ><div class=\"input-group-append \" style=\"top:0;right:0;\"><span class=\"input-group-text c-pointer px-3\" \nonclick=\"var $el = jQuery(this).find('i');$el.toggleClass('fa-eye fa-eye-slash');\nvar $eli = jQuery(this).parent().parent().find('input');\nif($el.hasClass('fa-eye'))\n{$eli.attr('type','text');}\nelse{$eli.attr('type','password');}\"\n><i class=\"far fa-fw fa-eye-slash\"><\/i><\/span><\/div><\/div><\/div><div data-argument=\"confirm_password\" class=\"form-group  uwp-password-wrap\"  ><label  for=\"confirm_password\"  class=\"sr-only  \" >Confirme a senha <span class=\"text-danger\">*<\/span><\/label><div class=\"input-group\"  ><input type=\"password\"  name=\"confirm_password\"  id=\"confirm_password\"  placeholder=\"Confirme a senha *\"  title=\"Confirme a senha\"  required  class=\"form-control \"  ><div class=\"input-group-append \" style=\"top:0;right:0;\"><span class=\"input-group-text c-pointer px-3\" \nonclick=\"var $el = jQuery(this).find('i');$el.toggleClass('fa-eye fa-eye-slash');\nvar $eli = jQuery(this).parent().parent().find('input');\nif($el.hasClass('fa-eye'))\n{$eli.attr('type','text');}\nelse{$eli.attr('type','password');}\"\n><i class=\"far fa-fw fa-eye-slash\"><\/i><\/span><\/div><\/div><\/div><input type=\"hidden\" name=\"redirect_to\" value=\"https:\/\/modelos.fecweb.com.br\/corretor1\"\/><input type=\"hidden\" name=\"uwp_register_hash\" value=\"72f2b29d953f4c3b6e715440e\" style=\"display:none !important; visibility:hidden !important;\" \/><input type=\"hidden\" name=\"uwp_register_hp\" value=\"\" style=\"display:none !important; visibility:hidden !important;\" size=\"25\" autocomplete=\"off\" \/><input type=\"hidden\" name=\"uwp_register_nonce\" value=\"7949a16e00\" \/><input type=\"hidden\" name=\"uwp_register_form_id\" value=\"1\"><div class=\"form-group\"  ><input type=\"submit\"  name=\"uwp_register_submit\"  value=\"Criar conta\"  class=\"form-control btn btn-primary btn-block text-uppercase uwp_register_submit\"  ><\/div>                <\/form>\n\n                <div class=\"uwp-footer-links\">\n                    <div class=\"uwp-footer-link\">\n\t\t\t\t\t\t<a href=\"https:\/\/modelos.fecweb.com.br\/corretor1\/login\/\" class=\"d-block text-center mt-2 small uwp-login-link\"  rel=\"nofollow\"  >Entrar<\/a>\n                    <\/div>\n                <\/div>\n\n                <div class=\"form-group text-center mb-0 p-0\">\n\t\t\t\t\t                <\/div>\n\n            <\/div>\n        <\/div>\n    <\/div>\n<\/div><\/div>\t<script>\n        jQuery( document ).ready( function( $ ) {\n\n            $( 'body' ).on( 'keyup', 'input[name=password], input[name=confirm_password]',\n                function( event ) {\n                    var $form = $(this).closest('form');\n                    if( ! $form.hasClass('uwp-login-form') ) {\n                        uwp_checkPasswordStrength(\n                            $('input[name=password]', $form),         \/\/ First password field\n                            $('input[name=confirm_password]', $form), \/\/ Second password field\n                            $('#uwp-password-strength', $form),           \/\/ Strength meter\n                            $('input[type=submit]', $form),           \/\/ Submit button\n                            ['black', 'listed', 'word']        \/\/ Blacklisted words\n                        );\n                    }\n                }\n            );\n        });\n\t<\/script>\n\t<\/div>\n","protected":false},"excerpt":{"rendered":"","protected":false},"author":1,"featured_media":0,"parent":0,"menu_order":0,"comment_status":"closed","ping_status":"closed","template":"","meta":{"footnotes":""},"class_list":["post-102","page","type-page","status-publish","hentry"],"_links":{"self":[{"href":"https:\/\/modelos.fecweb.com.br\/corretor1\/wp-json\/wp\/v2\/pages\/102"}],"collection":[{"href":"https:\/\/modelos.fecweb.com.br\/corretor1\/wp-json\/wp\/v2\/pages"}],"about":[{"href":"https:\/\/modelos.fecweb.com.br\/corretor1\/wp-json\/wp\/v2\/types\/page"}],"author":[{"embeddable":true,"href":"https:\/\/modelos.fecweb.com.br\/corretor1\/wp-json\/wp\/v2\/users\/1"}],"replies":[{"embeddable":true,"href":"https:\/\/modelos.fecweb.com.br\/corretor1\/wp-json\/wp\/v2\/comments?post=102"}],"version-history":[{"count":0,"href":"https:\/\/modelos.fecweb.com.br\/corretor1\/wp-json\/wp\/v2\/pages\/102\/revisions"}],"wp:attachment":[{"href":"https:\/\/modelos.fecweb.com.br\/corretor1\/wp-json\/wp\/v2\/media?parent=102"}],"curies":[{"name":"wp","href":"https:\/\/api.w.org\/{rel}","templated":true}]}}